{"id":16189,"date":"2025-06-06T16:30:04","date_gmt":"2025-06-06T16:30:04","guid":{"rendered":"https:\/\/avantgardetech.pt\/?post_type=product&#038;p=16189"},"modified":"2025-06-06T16:30:04","modified_gmt":"2025-06-06T16:30:04","slug":"bulldozer-john-deere-950-p-tier","status":"publish","type":"product","link":"https:\/\/vcmachines.pt\/index.php\/produto\/bulldozer-john-deere-950-p-tier\/","title":{"rendered":"Bulldozer John Deere 950 P-Tier"},"content":{"rendered":"<p data-start=\"98\" data-end=\"697\"><strong data-start=\"98\" data-end=\"121\">Fabricante do Motor<\/strong>: John Deere<br data-start=\"133\" data-end=\"136\" \/><strong data-start=\"136\" data-end=\"155\">Modelo do Motor<\/strong>: PowerTech PSS 6090<br data-start=\"175\" data-end=\"178\" \/><strong data-start=\"178\" data-end=\"210\">Cilindrada, ltr (polegadas\u00b3)<\/strong>: 9 (549)<br data-start=\"219\" data-end=\"222\" \/><strong data-start=\"222\" data-end=\"249\">Velocidade Nominal, rpm<\/strong>: 1800<br data-start=\"255\" data-end=\"258\" data-is-only-node=\"\" \/><strong data-start=\"258\" data-end=\"298\">Pot\u00eancia do Motor &#8211; L\u00edquida, kW (hp)<\/strong>: 198 (265)<br data-start=\"309\" data-end=\"312\" \/><strong data-start=\"312\" data-end=\"335\">Tipo de Transmiss\u00e3o<\/strong>: Hidrost\u00e1tica<br data-start=\"349\" data-end=\"352\" \/><strong data-start=\"352\" data-end=\"385\">Velocidades &#8211; Modo 1 &#8211; Avante<\/strong>: 1<br data-start=\"388\" data-end=\"391\" \/><strong data-start=\"391\" data-end=\"420\">Velocidades &#8211; Modo 1 &#8211; R\u00e9<\/strong>: 1<br data-start=\"423\" data-end=\"426\" \/><strong data-start=\"426\" data-end=\"443\">Redu\u00e7\u00e3o Final<\/strong>: Dupla Redu\u00e7\u00e3o &#8211; Planet\u00e1ria<br data-start=\"471\" data-end=\"474\" \/><strong data-start=\"474\" data-end=\"494\">Rolos de Esteira<\/strong>: 7<br data-start=\"497\" data-end=\"500\" \/><strong data-start=\"500\" data-end=\"535\">Passo da Sapata, mm (polegadas)<\/strong>: 215.9 (8.5)<br data-start=\"548\" data-end=\"551\" \/><strong data-start=\"551\" data-end=\"569\">Tipo da Sapata<\/strong>: Tipo Simples &#8211; Servi\u00e7o Extremo<br data-start=\"601\" data-end=\"604\" \/><strong data-start=\"604\" data-end=\"652\">\u00c1rea de Contato com o Solo, cm\u00b2 (polegadas\u00b2)<\/strong>: 39.211 (6078)<br data-start=\"667\" data-end=\"670\" \/><strong data-start=\"670\" data-end=\"691\">N\u00famero de Sapatas<\/strong>: 43<\/p>\n<hr data-start=\"699\" data-end=\"702\" \/>\n<h3 data-start=\"704\" data-end=\"723\"><strong data-start=\"708\" data-end=\"723\">Dimens\u00f5es<\/strong><\/h3>\n<p data-start=\"724\" data-end=\"1185\"><strong data-start=\"724\" data-end=\"762\">Altura &#8211; M\u00e1xima, mm (ft\/polegadas)<\/strong>: 3427 (11 p\u00e9s 3 pol.)<br data-start=\"784\" data-end=\"787\" \/><strong data-start=\"787\" data-end=\"827\">Deslocamento do Solo, mm (polegadas)<\/strong>: 312 (12.3)<br data-start=\"839\" data-end=\"842\" \/><strong data-start=\"842\" data-end=\"897\">Comprimento da Esteira &#8211; No Solo, mm (ft\/polegadas)<\/strong>: 3214 (10 p\u00e9s 6 pol.)<br data-start=\"919\" data-end=\"922\" \/><strong data-start=\"922\" data-end=\"962\">Bitola da Esteira, mm (ft\/polegadas)<\/strong>: 2006.6 (6 p\u00e9s 7 pol.)<br data-start=\"985\" data-end=\"988\" data-is-only-node=\"\" \/><strong data-start=\"988\" data-end=\"1028\">Largura da L\u00e2mina, mm (ft\/polegadas)<\/strong>: 3911 (12 p\u00e9s 10 pol.)<br data-start=\"1051\" data-end=\"1054\" \/><strong data-start=\"1054\" data-end=\"1109\">Profundidade de Escava\u00e7\u00e3o da L\u00e2mina, mm (polegadas)<\/strong>: 778 (31)<br data-start=\"1119\" data-end=\"1122\" \/><strong data-start=\"1122\" data-end=\"1165\">Inclina\u00e7\u00e3o da L\u00e2mina, mm (ft\/polegadas)<\/strong>: 800 (2 p\u00e9s 7 pol.)<\/p>\n","protected":false},"excerpt":{"rendered":"<p><strong data-start=\"57\" data-end=\"77\">Bulldozer Grande<\/strong><br data-start=\"77\" data-end=\"80\" \/>Pot\u00eancia do motor: 198\u2013209 kW (265-280 hp) a 1.800 rpm<br data-start=\"133\" data-end=\"136\" \/>Peso Operacional: 29.606\u201333.431 kg (65.300-73.700 lb.)<br data-start=\"190\" data-end=\"193\" \/>Contato com o Solo: 3.214\u20133.431 mm (126,5\u2013135,1 in.)<\/p>\n","protected":false},"featured_media":16190,"template":"","meta":[],"product_brand":[],"product_cat":[95,90],"product_tag":[],"class_list":{"0":"post-16189","1":"product","2":"type-product","3":"status-publish","4":"has-post-thumbnail","6":"product_cat-bulldoze","7":"product_cat-jonh-deere","9":"first","10":"instock","11":"shipping-taxable","12":"product-type-simple"},"_links":{"self":[{"href":"https:\/\/vcmachines.pt\/index.php\/wp-json\/wp\/v2\/product\/16189","targetHints":{"allow":["GET"]}}],"collection":[{"href":"https:\/\/vcmachines.pt\/index.php\/wp-json\/wp\/v2\/product"}],"about":[{"href":"https:\/\/vcmachines.pt\/index.php\/wp-json\/wp\/v2\/types\/product"}],"version-history":[{"count":2,"href":"https:\/\/vcmachines.pt\/index.php\/wp-json\/wp\/v2\/product\/16189\/revisions"}],"predecessor-version":[{"id":16238,"href":"https:\/\/vcmachines.pt\/index.php\/wp-json\/wp\/v2\/product\/16189\/revisions\/16238"}],"wp:featuredmedia":[{"embeddable":true,"href":"https:\/\/vcmachines.pt\/index.php\/wp-json\/wp\/v2\/media\/16190"}],"wp:attachment":[{"href":"https:\/\/vcmachines.pt\/index.php\/wp-json\/wp\/v2\/media?parent=16189"}],"wp:term":[{"taxonomy":"product_brand","embeddable":true,"href":"https:\/\/vcmachines.pt\/index.php\/wp-json\/wp\/v2\/product_brand?post=16189"},{"taxonomy":"product_cat","embeddable":true,"href":"https:\/\/vcmachines.pt\/index.php\/wp-json\/wp\/v2\/product_cat?post=16189"},{"taxonomy":"product_tag","embeddable":true,"href":"https:\/\/vcmachines.pt\/index.php\/wp-json\/wp\/v2\/product_tag?post=16189"}],"curies":[{"name":"wp","href":"https:\/\/api.w.org\/{rel}","templated":true}]}}