{"id":16194,"date":"2025-06-06T19:19:16","date_gmt":"2025-06-06T19:19:16","guid":{"rendered":"https:\/\/avantgardetech.pt\/?post_type=product&#038;p=16194"},"modified":"2025-06-06T19:20:42","modified_gmt":"2025-06-06T19:20:42","slug":"john-deere-850-x-tier","status":"publish","type":"product","link":"https:\/\/vcmachines.pt\/index.php\/produto\/john-deere-850-x-tier\/","title":{"rendered":"Bulldozer John Deere 850 X-Tier"},"content":{"rendered":"<p data-start=\"112\" data-end=\"546\"><strong data-start=\"112\" data-end=\"148\">Quer maximizar seu investimento?<\/strong><br data-start=\"148\" data-end=\"151\" \/>Os <em data-start=\"154\" data-end=\"166\">bulldozers<\/em> das linhas <strong data-start=\"178\" data-end=\"188\">P-Tier<\/strong> e <strong data-start=\"191\" data-end=\"201\">X-Tier<\/strong> da <strong data-start=\"205\" data-end=\"232\">John Deere Construction<\/strong> contam com tecnologias que aumentam a produtividade, permitindo atingir o n\u00edvel de acabamento mais rapidamente, com menos passadas. A tecnologia de constru\u00e7\u00e3o de precis\u00e3o da John Deere permite que os operadores realizem cortes e nivelamentos com precis\u00e3o, reduzindo significativamente a necessidade de retrabalho.<\/p>\n<p data-start=\"548\" data-end=\"761\">A melhor parte? A tecnologia embarcada nas m\u00e1quinas pode ser <strong data-start=\"609\" data-end=\"642\">atualizada a qualquer momento<\/strong>, desde os n\u00edveis b\u00e1sicos at\u00e9 os mais avan\u00e7ados \u2014 agora voc\u00ea tem flexibilidade para evoluir quando for o momento certo.<\/p>\n<hr data-start=\"763\" data-end=\"766\" \/>\n<h3 data-start=\"768\" data-end=\"800\"><strong data-start=\"772\" data-end=\"800\">Tecnologias dispon\u00edveis:<\/strong><\/h3>\n<ul data-start=\"802\" data-end=\"2344\">\n<li data-start=\"802\" data-end=\"1086\">\n<p data-start=\"804\" data-end=\"1086\"><strong data-start=\"804\" data-end=\"816\">EZ Grade<\/strong> \u2013 O EZ Grade simplifica a opera\u00e7\u00e3o e facilita a realiza\u00e7\u00e3o de acabamentos suaves, automatizando os movimentos da l\u00e2mina e corrigindo mudan\u00e7as na inclina\u00e7\u00e3o da m\u00e1quina. Funciona em segundo plano, utilizando o IMU do chassi e da C-Frame, e est\u00e1 inclu\u00eddo nos controles EH.<\/p>\n<\/li>\n<li data-start=\"1088\" data-end=\"1413\">\n<p data-start=\"1090\" data-end=\"1413\"><strong data-start=\"1090\" data-end=\"1107\">Slope Control<\/strong> <em data-start=\"1108\" data-end=\"1150\">(Inclu\u00eddo nas m\u00e1quinas SmartGrade Ready)<\/em> \u2013 Sistema de controle de inclina\u00e7\u00e3o de entrada que ajuda o operador a realizar cortes planos e suaves. Permite visualizar e definir a inclina\u00e7\u00e3o da l\u00e2mina, que ser\u00e1 automaticamente ajustada para manter o \u00e2ngulo desejado, tudo isso diretamente na tela <strong data-start=\"1402\" data-end=\"1412\">G5Plus<\/strong>.<\/p>\n<\/li>\n<li data-start=\"1415\" data-end=\"1922\">\n<p data-start=\"1417\" data-end=\"1922\"><strong data-start=\"1417\" data-end=\"1469\">SmartGrade\u2122 Ready com Controle de Nivelamento 2D<\/strong> \u2013 Inclui os chicotes e conex\u00f5es necess\u00e1rios para atualizar para o sistema SmartGrade completo. As m\u00e1quinas j\u00e1 v\u00eam pr\u00e9-cabeadas para integra\u00e7\u00e3o com <strong data-start=\"1617\" data-end=\"1627\">Topcon<\/strong> e <strong data-start=\"1630\" data-end=\"1639\">Leica<\/strong>, possibilitando upgrade f\u00e1cil para controle 3D com kit de campo.<br data-start=\"1704\" data-end=\"1707\" \/>Tamb\u00e9m inclui a tela sens\u00edvel ao toque <strong data-start=\"1748\" data-end=\"1765\">G5Plus de 12&#8243;<\/strong>, permitindo conex\u00e3o com laser 2D sem necessidade de software adicional. A m\u00e1quina integra de forma elegante os displays prim\u00e1rio de 8&#8243; e o G5Plus ao painel.<\/p>\n<\/li>\n<li data-start=\"1924\" data-end=\"2344\">\n<p data-start=\"1926\" data-end=\"2344\"><strong data-start=\"1926\" data-end=\"1941\">SmartGrade\u2122<\/strong> \u2013 Sistema de controle de nivelamento 3D com <strong data-start=\"1986\" data-end=\"2037\">GNSS (Sistema Global de Navega\u00e7\u00e3o por Sat\u00e9lite)<\/strong> totalmente integrado. Todos os cabos e componentes s\u00e3o integrados \u00e0 estrutura da m\u00e1quina, eliminando mastros ou fia\u00e7\u00f5es externas. Compat\u00edvel com <strong data-start=\"2183\" data-end=\"2193\">Topcon<\/strong> e <strong data-start=\"2196\" data-end=\"2205\">Leica<\/strong> nas m\u00e1quinas da linha P-Tier. As licen\u00e7as do SmartGrade podem ser transferidas entre m\u00e1quinas semelhantes, oferecendo maior flexibilidade.<\/p>\n<\/li>\n<\/ul>\n<hr data-start=\"2346\" data-end=\"2349\" \/>\n<h3 data-start=\"2351\" data-end=\"2384\"><strong data-start=\"2355\" data-end=\"2384\">Suporte Remoto SmartGrade<\/strong><\/h3>\n<ul data-start=\"2386\" data-end=\"3059\">\n<li data-start=\"2386\" data-end=\"2727\">\n<p data-start=\"2388\" data-end=\"2727\"><strong data-start=\"2388\" data-end=\"2417\">SmartGrade Remote Support<\/strong> \u2013 Melhore as capacidades de suporte. Os bulldozers P-Tier v\u00eam equipados com acesso remoto \u00e0 tela e transfer\u00eancia de dados sem fio, desde que possuam o monitor G5. \u00c9 poss\u00edvel conceder acesso de suporte a qualquer pessoa da sua equipe ou \u00e0 concession\u00e1ria para uso dos sistemas Slope Control 2D ou SmartGrade 3D.<\/p>\n<\/li>\n<li data-start=\"2729\" data-end=\"2906\">\n<p data-start=\"2731\" data-end=\"2906\"><strong data-start=\"2731\" data-end=\"2755\">Acesso Remoto \u00e0 Tela<\/strong> \u2013 Visualize ou controle remotamente o sistema de controle de nivelamento da m\u00e1quina, facilitando treinamentos de operadores ou resolu\u00e7\u00e3o de problemas.<\/p>\n<\/li>\n<li data-start=\"2908\" data-end=\"3059\">\n<p data-start=\"2910\" data-end=\"3059\"><strong data-start=\"2910\" data-end=\"2944\">Transfer\u00eancia de Dados Sem Fio<\/strong> \u2013 Transfira e atualize arquivos de projeto em qualquer m\u00e1quina SmartGrade sem precisar ir at\u00e9 o canteiro de obras.<\/p>\n<\/li>\n<\/ul>\n<hr data-start=\"3061\" data-end=\"3064\" \/>\n<h3 data-start=\"3066\" data-end=\"3140\"><strong data-start=\"3070\" data-end=\"3140\">Suporte T\u00e9cnico Especializado em Constru\u00e7\u00e3o de Precis\u00e3o John Deere<\/strong><\/h3>\n<ul data-start=\"3142\" data-end=\"3520\">\n<li data-start=\"3142\" data-end=\"3217\">\n<p data-start=\"3144\" data-end=\"3217\">Especialistas t\u00e9cnicos focados em controle de nivelamento (Grade Control)<\/p>\n<\/li>\n<li data-start=\"3218\" data-end=\"3328\">\n<p data-start=\"3220\" data-end=\"3328\">Comunica\u00e7\u00e3o direta com as equipes de Engenharia e Qualidade para respostas mais r\u00e1pidas \u00e0s demandas do campo<\/p>\n<\/li>\n<li data-start=\"3329\" data-end=\"3438\">\n<p data-start=\"3331\" data-end=\"3438\">Desenvolvimento de ferramentas e procedimentos de diagn\u00f3stico avan\u00e7ados para reduzir o tempo de inatividade<\/p>\n<\/li>\n<li data-start=\"3439\" data-end=\"3520\">\n<p data-start=\"3441\" data-end=\"3520\">Suporte direto com a equipe de campo de Especialistas em Constru\u00e7\u00e3o de Precis\u00e3o<\/p>\n<\/li>\n<\/ul>\n","protected":false},"excerpt":{"rendered":"<p><strong data-start=\"87\" data-end=\"106\">Bulldozer M\u00e9dio<\/strong><br data-start=\"106\" data-end=\"109\" \/><strong data-start=\"109\" data-end=\"130\">Pot\u00eancia do motor<\/strong>: 168 kW (225 hp) a 1.600 rpm<br data-start=\"159\" data-end=\"162\" \/><strong data-start=\"162\" data-end=\"182\">Peso Operacional<\/strong>: 21.762\u201323.480 kg (47.978\u201351.765 lb)<br data-start=\"219\" data-end=\"222\" \/><strong data-start=\"222\" data-end=\"244\">Contato com o Solo<\/strong>: 3.300 mm (130 in.)<\/p>\n","protected":false},"featured_media":16200,"template":"","meta":[],"product_brand":[],"product_cat":[95,90],"product_tag":[],"class_list":{"0":"post-16194","1":"product","2":"type-product","3":"status-publish","4":"has-post-thumbnail","6":"product_cat-bulldoze","7":"product_cat-jonh-deere","9":"first","10":"instock","11":"shipping-taxable","12":"product-type-simple"},"_links":{"self":[{"href":"https:\/\/vcmachines.pt\/index.php\/wp-json\/wp\/v2\/product\/16194","targetHints":{"allow":["GET"]}}],"collection":[{"href":"https:\/\/vcmachines.pt\/index.php\/wp-json\/wp\/v2\/product"}],"about":[{"href":"https:\/\/vcmachines.pt\/index.php\/wp-json\/wp\/v2\/types\/product"}],"version-history":[{"count":2,"href":"https:\/\/vcmachines.pt\/index.php\/wp-json\/wp\/v2\/product\/16194\/revisions"}],"predecessor-version":[{"id":16202,"href":"https:\/\/vcmachines.pt\/index.php\/wp-json\/wp\/v2\/product\/16194\/revisions\/16202"}],"wp:featuredmedia":[{"embeddable":true,"href":"https:\/\/vcmachines.pt\/index.php\/wp-json\/wp\/v2\/media\/16200"}],"wp:attachment":[{"href":"https:\/\/vcmachines.pt\/index.php\/wp-json\/wp\/v2\/media?parent=16194"}],"wp:term":[{"taxonomy":"product_brand","embeddable":true,"href":"https:\/\/vcmachines.pt\/index.php\/wp-json\/wp\/v2\/product_brand?post=16194"},{"taxonomy":"product_cat","embeddable":true,"href":"https:\/\/vcmachines.pt\/index.php\/wp-json\/wp\/v2\/product_cat?post=16194"},{"taxonomy":"product_tag","embeddable":true,"href":"https:\/\/vcmachines.pt\/index.php\/wp-json\/wp\/v2\/product_tag?post=16194"}],"curies":[{"name":"wp","href":"https:\/\/api.w.org\/{rel}","templated":true}]}}