{"id":16204,"date":"2025-06-06T20:12:01","date_gmt":"2025-06-06T20:12:01","guid":{"rendered":"https:\/\/avantgardetech.pt\/?post_type=product&#038;p=16204"},"modified":"2025-06-06T21:47:08","modified_gmt":"2025-06-06T21:47:08","slug":"bulldozer-john-deere-750-p-tier","status":"publish","type":"product","link":"https:\/\/vcmachines.pt\/index.php\/produto\/bulldozer-john-deere-750-p-tier\/","title":{"rendered":"Bulldozer John Deere 750 P-Tier"},"content":{"rendered":"<h5 data-start=\"0\" data-end=\"26\">LINHA DE TRANSMISS\u00c3O<\/h5>\n<p data-start=\"28\" data-end=\"557\">Fabricante do Motor \u2013 John Deere<br data-start=\"60\" data-end=\"63\" \/>Modelo do Motor \u2013 PowerTech PVS 6068<br data-start=\"99\" data-end=\"102\" \/>Cilindrada, l (in\u00b3) \u2013 6,8 (414)<br data-start=\"133\" data-end=\"136\" \/>Rota\u00e7\u00e3o Nominal, rpm \u2013 1700<br data-start=\"163\" data-end=\"166\" \/>Pot\u00eancia L\u00edquida do Motor, kW (hp) \u2013 131 (175)<br data-start=\"212\" data-end=\"215\" \/>Tipo de Transmiss\u00e3o \u2013 Hidrost\u00e1tica<br data-start=\"249\" data-end=\"252\" \/>Velocidades Modo 1 &#8211; Frente \u2013 1<br data-start=\"283\" data-end=\"286\" \/>Velocidades Modo 1 &#8211; R\u00e9 \u2013 1<br data-start=\"313\" data-end=\"316\" \/>Redu\u00e7\u00e3o Final \u2013 Dupla Redu\u00e7\u00e3o &#8211; Planet\u00e1ria<br data-start=\"358\" data-end=\"361\" \/>Rolos da Esteira \u2013 8<br data-start=\"381\" data-end=\"384\" \/>Passo da Sapata, mm (pol) \u2013 191 (7,5)<br data-start=\"421\" data-end=\"424\" \/>Tipo de Sapata \u2013 Garra Simples<br data-start=\"454\" data-end=\"457\" \/>\u00c1rea de Contato com o Solo, cm\u00b2 (pol\u00b2) \u2013 58.373 (9.048)<br data-start=\"512\" data-end=\"515\" \/>N\u00famero de Sapatas \u2013 45<br data-start=\"537\" data-end=\"540\" \/>Oscila\u00e7\u00e3o \u2013 Sim<\/p>\n<h5 data-start=\"559\" data-end=\"574\">DIMENS\u00d5ES<\/h5>\n<p data-start=\"576\" data-end=\"995\">Altura M\u00e1xima, mm (ft\/pol) \u2013 3343 (11 ft 6 in)<br data-start=\"622\" data-end=\"625\" \/>Altura Livre do Solo, mm (pol) \u2013 358 (14)<br data-start=\"666\" data-end=\"669\" \/>Comprimento da Esteira no Solo, mm (ft\/pol) \u2013 3093 (10 ft 2 in)<br data-start=\"732\" data-end=\"735\" \/>Comprimento com L\u00e2mina Reta, mm (ft\/pol) \u2013 5359 (17 ft 7 in)<br data-start=\"795\" data-end=\"798\" \/>Bitola da Esteira, mm (ft) \u2013 2134 (7 ft)<br data-start=\"838\" data-end=\"841\" \/>Largura da L\u00e2mina, mm (ft) \u2013 3962 (13 ft)<br data-start=\"882\" data-end=\"885\" \/>Profundidade de Corte da L\u00e2mina, mm (pol) \u2013 648 (25,5)<br data-start=\"939\" data-end=\"942\" \/>Inclina\u00e7\u00e3o da L\u00e2mina, mm (ft\/pol) \u2013 502 (1 ft 8 in)<\/p>\n<h5 data-start=\"997\" data-end=\"1014\">CAPACIDADES<\/h5>\n<p data-start=\"1016\" data-end=\"1155\">Tanque de Combust\u00edvel, l (gal EUA) \u2013 362 (95,5)<br data-start=\"1063\" data-end=\"1066\" \/>Tanque Hidr\u00e1ulico, l (gal EUA) \u2013 98 (25,9)<br data-start=\"1108\" data-end=\"1111\" \/>Capacidade da L\u00e2mina, m\u00b3 (yd\u00b3) \u2013 4,5 (5,9)<\/p>\n<h5 data-start=\"1157\" data-end=\"1173\">DESEMPENHO<\/h5>\n<p data-start=\"1175\" data-end=\"1472\">Velocidade M\u00e1xima Frente, km\/h (mph) \u2013 9,7 (6)<br data-start=\"1221\" data-end=\"1224\" \/>Velocidade M\u00e1xima R\u00e9, km\/h (mph) \u2013 9,7 (6)<br data-start=\"1266\" data-end=\"1269\" \/>Press\u00e3o sobre o Solo, kPa (psi) \u2013 30,5 (4,42)<br data-start=\"1314\" data-end=\"1317\" \/>Tipo de Bomba de Implementos \u2013 Pist\u00e3o de Deslocamento Vari\u00e1vel<br data-start=\"1379\" data-end=\"1382\" \/>Vaz\u00e3o da Bomba, l\/min (gal\/min) \u2013 130 (34)<br data-start=\"1424\" data-end=\"1427\" \/>Press\u00e3o da Bomba, bar (psi) \u2013 249,93 (3625)<\/p>\n<h5 data-start=\"1474\" data-end=\"1485\">PESOS<\/h5>\n<p data-start=\"1487\" data-end=\"1530\" data-is-last-node=\"\" data-is-only-node=\"\">Peso Operacional, kg (lb) \u2013 18.133 (39.976)<\/p>\n","protected":false},"excerpt":{"rendered":"<p><strong data-start=\"90\" data-end=\"109\">Bulldozer M\u00e9dio<\/strong><br data-start=\"109\" data-end=\"112\" \/><strong data-start=\"112\" data-end=\"133\">Pot\u00eancia do motor<\/strong>: 131 kW (175 hp) a 1.700 rpm<br data-start=\"162\" data-end=\"165\" \/><strong data-start=\"165\" data-end=\"185\">Peso Operacional<\/strong>: 17.041\u201318.162 kg (37.569\u201340.040 lb)<br data-start=\"222\" data-end=\"225\" \/><strong data-start=\"225\" data-end=\"247\">Contato com o Solo<\/strong>: 2.604\u20133.093 mm (103\u2013122 in.)<\/p>\n","protected":false},"featured_media":16205,"template":"","meta":[],"product_brand":[],"product_cat":[95,90],"product_tag":[],"class_list":{"0":"post-16204","1":"product","2":"type-product","3":"status-publish","4":"has-post-thumbnail","6":"product_cat-bulldoze","7":"product_cat-jonh-deere","9":"first","10":"instock","11":"shipping-taxable","12":"product-type-simple"},"_links":{"self":[{"href":"https:\/\/vcmachines.pt\/index.php\/wp-json\/wp\/v2\/product\/16204","targetHints":{"allow":["GET"]}}],"collection":[{"href":"https:\/\/vcmachines.pt\/index.php\/wp-json\/wp\/v2\/product"}],"about":[{"href":"https:\/\/vcmachines.pt\/index.php\/wp-json\/wp\/v2\/types\/product"}],"version-history":[{"count":6,"href":"https:\/\/vcmachines.pt\/index.php\/wp-json\/wp\/v2\/product\/16204\/revisions"}],"predecessor-version":[{"id":16211,"href":"https:\/\/vcmachines.pt\/index.php\/wp-json\/wp\/v2\/product\/16204\/revisions\/16211"}],"wp:featuredmedia":[{"embeddable":true,"href":"https:\/\/vcmachines.pt\/index.php\/wp-json\/wp\/v2\/media\/16205"}],"wp:attachment":[{"href":"https:\/\/vcmachines.pt\/index.php\/wp-json\/wp\/v2\/media?parent=16204"}],"wp:term":[{"taxonomy":"product_brand","embeddable":true,"href":"https:\/\/vcmachines.pt\/index.php\/wp-json\/wp\/v2\/product_brand?post=16204"},{"taxonomy":"product_cat","embeddable":true,"href":"https:\/\/vcmachines.pt\/index.php\/wp-json\/wp\/v2\/product_cat?post=16204"},{"taxonomy":"product_tag","embeddable":true,"href":"https:\/\/vcmachines.pt\/index.php\/wp-json\/wp\/v2\/product_tag?post=16204"}],"curies":[{"name":"wp","href":"https:\/\/api.w.org\/{rel}","templated":true}]}}